{"id":6,"date":"2016-09-20T12:39:04","date_gmt":"2016-09-20T10:39:04","guid":{"rendered":"http:\/\/simplybusapp.com\/?page_id=6"},"modified":"2017-10-19T20:00:07","modified_gmt":"2017-10-19T18:00:07","slug":"simply-bus-demenageur-demenagement-visa-chine-visa-inde-visa-vietnam-visa-russie-croisiere-safari-afrique-garde-meubles","status":"publish","type":"page","link":"https:\/\/simplybusapp.com\/","title":{"rendered":"Simply Bus"},"content":{"rendered":"<p>Pour aller travailler en m\u00e9tro ou \u00e0 l\u2019\u00e9cole, soyez le premier \u00e0 \u00eatre au\u00a0 <img loading=\"lazy\" class=\"alignright size-medium wp-image-16\" src=\"https:\/\/simplybusapp.com\/wp-content\/uploads\/2016\/09\/17.jpeg-300x168.jpg\" alt=\"17.jpeg\" width=\"300\" height=\"168\" \/>courant des horaires avec l\u2019application Simply Bus. Que vous soyez un habitu\u00e9 des transports en commun ou un touriste passionn\u00e9, utilisez cette application pour trouver tous les moyens pratiques pour ne pas rater votre itin\u00e9raire. L\u2019application utilise une connexion Internet 3G\/4G pour mettre \u00e0 jour en temps r\u00e9el les horaires de tous les lignes de transports de votre ville et ses alentours. Gr\u00e2ce au soutien GPS, vous pouvez voir la carte de la ligne de votre m\u00e9tro et l\u2019heure exacte de son passage. La carte sera \u00e9galement montrer votre position actuelle dans le contexte de l&rsquo;itin\u00e9raire s\u00e9lectionn\u00e9. Avec l\u2019aide des collectivit\u00e9s et exploitants de transport, vous pouvez toujours t\u00e9l\u00e9charger d\u2019autres horaires pour une utilisation hors ligne.<\/p>\n<p>&nbsp;<\/p>\n<p>Quand vient le moment de d\u00e9m\u00e9nager, il y a tellement de choses \u00e0 consid\u00e9rer. De l&#8217;emballage jusqu\u2019au empilage en passant par le d\u00e9m\u00e9nagement <a href=\"http:\/\/demenageur.com\/demenagement\/\">demenageur.com\/demenagement\/<\/a>\u00a0proprement dit. La Soci\u00e9t\u00e9 met \u00e0 disposition des <strong>demenageur\u00a0<a href=\"http:\/\/demenageur.com\">demenageur.com<\/a><\/strong> professionnels pour r\u00e9ussir votre prochain d\u00e9m\u00e9nagement sans le moindre stress et dans le d\u00e9lai le plus bref. Leur service de <strong>demenagement<\/strong>\u00a0demenageur.com\/demenagement\/ prend en compte toutes les demandes et r\u00e9clamations de sa client\u00e8le. Pour \u00e9viter les \u00e9ventuels malentendus, dispose d\u2019une cellule de <strong>devis demenagement <a href=\"http:\/\/demenageur.com\/devis-demenagement\/\">demenageur.com\/devis-demenagement\/<\/a>\u00a0<\/strong>. En consultant le site officiel, les clients peuvent d\u00e9terminer en avance le tarif de leur prestation en fonction de la distance et le poids total de ses biens. Il est aussi bien d&rsquo;utiliser un garde-meubles. La soci\u00e9t\u00e9 d\u00e9m\u00e9nagement propose tout quand il s\u2019agit de d\u00e9m\u00e9nager.<\/p>\n<p>Demenagement Paris : <a href=\"http:\/\/demenageur.com\/demenagement-paris-75\/\">demenageur.com\/demenagement-paris-75\/<\/a><\/p>\n<p>Assurance vie <a href=\"http:\/\/lassurancevie.fr\">lassurancevie.fr<\/a>\u00a0est un contrat \u00e9tabli entre le titulaire de police d&rsquo;assurance et l\u2019assureur ou assureur. C\u2019est une somme d\u2019argent vers\u00e9e par le souscripteur d\u2019assurance pour b\u00e9n\u00e9ficier en retour d&rsquo;une prime \u00e0 sa mort. Autres charges telles que les frais fun\u00e9raires peuvent \u00e9galement \u00eatre inclus dans la prime. Le titulaire de la police paie g\u00e9n\u00e9ralement une prime, soit r\u00e9guli\u00e8rement, soit en une somme forfaitaire. Selon le contrat, d&rsquo;autres \u00e9v\u00e9nements tels que la maladie grave peuvent \u00e9galement b\u00e9n\u00e9ficier de la prime. \u00c9ventuellement, l\u2019assur\u00e9 pourra d\u00e9signer un b\u00e9n\u00e9ficiaire lors de sa mort. Ce dernier recevra la prime octroy\u00e9e par l\u2019assureur. L\u2019assur\u00e9 peut \u00e9galement changer de b\u00e9n\u00e9ficiaire sauf si le contrat a d\u00e9sign\u00e9 un b\u00e9n\u00e9ficiaire irr\u00e9vocable.<\/p>\n<p>Voulant vivre \u00e0 l&rsquo;\u00e9tranger ou faire un voyage en long s\u00e9jour? Ci-apr\u00e8s les \u00e9tapes incontournables pour octroyer un visa que vous voulez avoir un<strong> visa chine <a href=\"http:\/\/visachine.fr\">visachine.fr<\/a>\u00a0, <\/strong>. Il faudra primordialement avoir le formulaire de demande du pays demand\u00e9. La signature dans la demande doit \u00eatre conforme \u00e0 celle du passeport. Un passeport original et photocopi\u00e9 avec une validit\u00e9 de plus de 6 mois. Une pi\u00e8ce d\u2019identit\u00e9 4,5 x 4 cm, couleur ou noir et blanc. Le billet d&rsquo;avion ou une copie de l\u2019enregistrement du vol. Si vous pr\u00e9voyez d&rsquo;\u00e9tudier \u00e0 l&rsquo;\u00e9tranger, c\u2019est toujours l\u2019universit\u00e9 accueillante qui fournit les dossiers suppl\u00e9mentaires. Mais ces pi\u00e8ces cit\u00e9es pr\u00e9c\u00e9demment sont incontournables aupr\u00e8s de n\u2019importe\u00a0quelle ambassade.<\/p>\n<p>&nbsp;<\/p>\n<p>Profiter votre voyage en croisi\u00e8re pour admirer la mer dans toute sa splendeur. Choisissez les meilleures destinations en optant pour la meilleure compagnie maritime. Plusieurs activit\u00e9s vous seront offertes durant votre s\u00e9jour. Durant votre escale, profitez \u00e9galement des activit\u00e9s comme la plong\u00e9e sous-marine et la vites des c\u00f4tes locales. Choisissez votre croisi\u00e8re vers des endroits qui regorgent plusieurs esp\u00e8ces marines prot\u00e9g\u00e9es dont la majorit\u00e9 ne se trouve que sur la station baln\u00e9aire. Les touristes visitent cet aquarium naturel pour faire de la plong\u00e9e. Les personnels du paquebot sont tout trilingues. Ils sont disponibles \u00e0 tout moment et r\u00e9pondent \u00e0 toutes votre demande.<\/p>\n","protected":false},"excerpt":{"rendered":"<p>Pour aller travailler en m\u00e9tro ou \u00e0 l\u2019\u00e9cole, soyez le premier \u00e0 \u00eatre au\u00a0 courant des horaires avec [&hellip;]<\/p>\n","protected":false},"author":1,"featured_media":0,"parent":0,"menu_order":0,"comment_status":"closed","ping_status":"closed","template":"","meta":[],"_links":{"self":[{"href":"https:\/\/simplybusapp.com\/index.php\/wp-json\/wp\/v2\/pages\/6"}],"collection":[{"href":"https:\/\/simplybusapp.com\/index.php\/wp-json\/wp\/v2\/pages"}],"about":[{"href":"https:\/\/simplybusapp.com\/index.php\/wp-json\/wp\/v2\/types\/page"}],"author":[{"embeddable":true,"href":"https:\/\/simplybusapp.com\/index.php\/wp-json\/wp\/v2\/users\/1"}],"replies":[{"embeddable":true,"href":"https:\/\/simplybusapp.com\/index.php\/wp-json\/wp\/v2\/comments?post=6"}],"version-history":[{"count":7,"href":"https:\/\/simplybusapp.com\/index.php\/wp-json\/wp\/v2\/pages\/6\/revisions"}],"predecessor-version":[{"id":20,"href":"https:\/\/simplybusapp.com\/index.php\/wp-json\/wp\/v2\/pages\/6\/revisions\/20"}],"wp:attachment":[{"href":"https:\/\/simplybusapp.com\/index.php\/wp-json\/wp\/v2\/media?parent=6"}],"curies":[{"name":"wp","href":"https:\/\/api.w.org\/{rel}","templated":true}]}}